{"id":1329,"date":"2017-03-26T22:06:39","date_gmt":"2017-03-26T20:06:39","guid":{"rendered":"http:\/\/www.schaffhausen-sangkhlaburi.ch\/?page_id=1329"},"modified":"2021-02-07T18:01:11","modified_gmt":"2021-02-07T17:01:11","slug":"projekt-hilltribe-learning-centre-2","status":"publish","type":"page","link":"https:\/\/www.schaffhausen-sangkhlaburi.ch\/en\/projekte\/projekt-hilltribe-learning-centre-2\/","title":{"rendered":"Projekt &#8222;Hilltribe Learning Centre&#8220;"},"content":{"rendered":"<p style=\"text-align: justify;\">Abseits, etwa 10 km entfernt von Sangkhlaburi, inmitten von Busch und Regenwald, betreibt die Nonne Maechee Pimjai Maneerat seit fast 20 Jahren in ihrer kleinen Tempelanlage die Ausbildungsst\u00e4tte \u201eHilltribe Learning Centre\u201c f\u00fcr staatenlose Kinder im Alter von 5 bis ca. 14 Jahren.<\/p>\n<p style=\"text-align: justify;\">W\u00e4hrend der \u00fcber 60-j\u00e4hrigen Milit\u00e4rdiktatur im benachbarten Burma, auch Myanmar genannt, fl\u00fcchteten tausende Menschen ethnischer Minderheiten vor der burmesischen Armee ins sichere Thailand. Weit verstreut leben sie heute abseits und in teilweise unzug\u00e4nglichem Gebiet. Toleriert zwar von der thail\u00e4ndischen Regierung, sind sie aber ausgeschlossen von staatlicher Hilfe wie Ausbildung und medizinischer Versorgung.<\/p>\n<p style=\"text-align: justify;\">Um den Kindern dieser staatenlosen Familien eine Zukunft zu erm\u00f6glichen, begann Pimjai Maneerat 1998 in ihrem kleinen Tempel mit einfachen Mitteln Schulunterricht zu geben, vor allem aber den Kindern die Thaisprache zu lehren, mit dem Ziel, dass diese vielleicht in Zukunft an thail\u00e4ndischen Schulen teilnehmen k\u00f6nnen.<\/p>\n<p style=\"text-align: justify;\">Weil die meisten Familien dieser Kinder im weit verstreuten Gebiet leben, gibt sie den Kindern auch Unterkunft w\u00e4hrend der Woche, versorgt sie mit Essen, Kleidern und wenn n\u00f6tig mit einfacher medizinischer Versorgung. Malaria und Infektionskrankheiten durch kontaminiertes Trinkwasser sind hier in diesem Gebiet weit verbreitet.<\/p>\n<p style=\"text-align: justify;\">Mittlerweile sind es gegen 50 Kinder, die Pimjai Maneerat alleine versorgt und unterrichtet, mit der Hilfe von wenigen freiwilligen Lehrern.<\/p>\n<h5 style=\"text-align: justify;\"><span style=\"color: #ff0000;\"><strong>&nbsp;<\/strong><\/span><\/h5>\n<p>&nbsp;<\/p>\n<!-- default-view.php -->\n<div\n\tclass=\"ngg-galleryoverview default-view \n\t ngg-ajax-pagination-none\t\"\n\tid=\"ngg-gallery-5a3021af8e80657105df97fc1fcfb7f1-1\">\n\n\t\t<!-- Thumbnails -->\n\t\t\t\t<div id=\"ngg-image-0\" class=\"ngg-gallery-thumbnail-box \n\t\t\t\t\t\t\t\t\t\t\t\" \n\t\t\t>\n\t\t\t\t\t\t<div class=\"ngg-gallery-thumbnail\">\n\t\t\t<a href=\"https:\/\/www.schaffhausen-sangkhlaburi.ch\/wp-content\/gallery\/learningcentre\/002.jpg\"\n\t\t\t\ttitle=\"\"\n\t\t\t\tdata-src=\"https:\/\/www.schaffhausen-sangkhlaburi.ch\/wp-content\/gallery\/learningcentre\/002.jpg\"\n\t\t\t\tdata-thumbnail=\"https:\/\/www.schaffhausen-sangkhlaburi.ch\/wp-content\/gallery\/learningcentre\/thumbs\/thumbs_002.jpg\"\n\t\t\t\tdata-image-id=\"2\"\n\t\t\t\tdata-title=\"002.jpg\"\n\t\t\t\tdata-description=\"\"\n\t\t\t\tdata-image-slug=\"002-jpg\"\n\t\t\t\tclass=\"ngg-fancybox\" rel=\"5a3021af8e80657105df97fc1fcfb7f1\">\n\t\t\t\t<img\n\t\t\t\t\ttitle=\"002.jpg\"\n\t\t\t\t\talt=\"002.jpg\"\n\t\t\t\t\tsrc=\"https:\/\/www.schaffhausen-sangkhlaburi.ch\/wp-content\/gallery\/learningcentre\/thumbs\/thumbs_002.jpg\"\n\t\t\t\t\twidth=\"150\"\n\t\t\t\t\theight=\"120\"\n\t\t\t\t\tstyle=\"max-width:100%;\"\n\t\t\t\t\/>\n\t\t\t<\/a>\n\t\t<\/div>\n\t\t\t\t\t\t\t<\/div> \n\t\t\t\n\t\t\t\t<div id=\"ngg-image-1\" class=\"ngg-gallery-thumbnail-box \n\t\t\t\t\t\t\t\t\t\t\t\" \n\t\t\t>\n\t\t\t\t\t\t<div class=\"ngg-gallery-thumbnail\">\n\t\t\t<a href=\"https:\/\/www.schaffhausen-sangkhlaburi.ch\/wp-content\/gallery\/learningcentre\/003.jpg\"\n\t\t\t\ttitle=\"\"\n\t\t\t\tdata-src=\"https:\/\/www.schaffhausen-sangkhlaburi.ch\/wp-content\/gallery\/learningcentre\/003.jpg\"\n\t\t\t\tdata-thumbnail=\"https:\/\/www.schaffhausen-sangkhlaburi.ch\/wp-content\/gallery\/learningcentre\/thumbs\/thumbs_003.jpg\"\n\t\t\t\tdata-image-id=\"3\"\n\t\t\t\tdata-title=\"Projekt Hilltribe Learning Center 1\"\n\t\t\t\tdata-description=\"\"\n\t\t\t\tdata-image-slug=\"003-jpg\"\n\t\t\t\tclass=\"ngg-fancybox\" rel=\"5a3021af8e80657105df97fc1fcfb7f1\">\n\t\t\t\t<img\n\t\t\t\t\ttitle=\"Projekt Hilltribe Learning Center 1\"\n\t\t\t\t\talt=\"Projekt Hilltribe Learning Center 1\"\n\t\t\t\t\tsrc=\"https:\/\/www.schaffhausen-sangkhlaburi.ch\/wp-content\/gallery\/learningcentre\/thumbs\/thumbs_003.jpg\"\n\t\t\t\t\twidth=\"150\"\n\t\t\t\t\theight=\"120\"\n\t\t\t\t\tstyle=\"max-width:100%;\"\n\t\t\t\t\/>\n\t\t\t<\/a>\n\t\t<\/div>\n\t\t\t\t\t\t\t<\/div> \n\t\t\t\n\t\t\t\t<div id=\"ngg-image-2\" class=\"ngg-gallery-thumbnail-box \n\t\t\t\t\t\t\t\t\t\t\t\" \n\t\t\t>\n\t\t\t\t\t\t<div class=\"ngg-gallery-thumbnail\">\n\t\t\t<a href=\"https:\/\/www.schaffhausen-sangkhlaburi.ch\/wp-content\/gallery\/learningcentre\/005.jpg\"\n\t\t\t\ttitle=\"\"\n\t\t\t\tdata-src=\"https:\/\/www.schaffhausen-sangkhlaburi.ch\/wp-content\/gallery\/learningcentre\/005.jpg\"\n\t\t\t\tdata-thumbnail=\"https:\/\/www.schaffhausen-sangkhlaburi.ch\/wp-content\/gallery\/learningcentre\/thumbs\/thumbs_005.jpg\"\n\t\t\t\tdata-image-id=\"5\"\n\t\t\t\tdata-title=\"Projekt Hilltribe Learning Center 1\"\n\t\t\t\tdata-description=\"\"\n\t\t\t\tdata-image-slug=\"005-jpg\"\n\t\t\t\tclass=\"ngg-fancybox\" rel=\"5a3021af8e80657105df97fc1fcfb7f1\">\n\t\t\t\t<img\n\t\t\t\t\ttitle=\"Projekt Hilltribe Learning Center 1\"\n\t\t\t\t\talt=\"Projekt Hilltribe Learning Center 1\"\n\t\t\t\t\tsrc=\"https:\/\/www.schaffhausen-sangkhlaburi.ch\/wp-content\/gallery\/learningcentre\/thumbs\/thumbs_005.jpg\"\n\t\t\t\t\twidth=\"150\"\n\t\t\t\t\theight=\"120\"\n\t\t\t\t\tstyle=\"max-width:100%;\"\n\t\t\t\t\/>\n\t\t\t<\/a>\n\t\t<\/div>\n\t\t\t\t\t\t\t<\/div> \n\t\t\t\n\t\t\t\t<div id=\"ngg-image-3\" class=\"ngg-gallery-thumbnail-box \n\t\t\t\t\t\t\t\t\t\t\t\" \n\t\t\t>\n\t\t\t\t\t\t<div class=\"ngg-gallery-thumbnail\">\n\t\t\t<a href=\"https:\/\/www.schaffhausen-sangkhlaburi.ch\/wp-content\/gallery\/learningcentre\/006.jpg\"\n\t\t\t\ttitle=\"\"\n\t\t\t\tdata-src=\"https:\/\/www.schaffhausen-sangkhlaburi.ch\/wp-content\/gallery\/learningcentre\/006.jpg\"\n\t\t\t\tdata-thumbnail=\"https:\/\/www.schaffhausen-sangkhlaburi.ch\/wp-content\/gallery\/learningcentre\/thumbs\/thumbs_006.jpg\"\n\t\t\t\tdata-image-id=\"6\"\n\t\t\t\tdata-title=\"Projekt Hilltribe Learning Center 1\"\n\t\t\t\tdata-description=\"\"\n\t\t\t\tdata-image-slug=\"006-jpg\"\n\t\t\t\tclass=\"ngg-fancybox\" rel=\"5a3021af8e80657105df97fc1fcfb7f1\">\n\t\t\t\t<img\n\t\t\t\t\ttitle=\"Projekt Hilltribe Learning Center 1\"\n\t\t\t\t\talt=\"Projekt Hilltribe Learning Center 1\"\n\t\t\t\t\tsrc=\"https:\/\/www.schaffhausen-sangkhlaburi.ch\/wp-content\/gallery\/learningcentre\/thumbs\/thumbs_006.jpg\"\n\t\t\t\t\twidth=\"150\"\n\t\t\t\t\theight=\"120\"\n\t\t\t\t\tstyle=\"max-width:100%;\"\n\t\t\t\t\/>\n\t\t\t<\/a>\n\t\t<\/div>\n\t\t\t\t\t\t\t<\/div> \n\t\t\t\n\t\t\t\t<div id=\"ngg-image-4\" class=\"ngg-gallery-thumbnail-box \n\t\t\t\t\t\t\t\t\t\t\t\" \n\t\t\t>\n\t\t\t\t\t\t<div class=\"ngg-gallery-thumbnail\">\n\t\t\t<a href=\"https:\/\/www.schaffhausen-sangkhlaburi.ch\/wp-content\/gallery\/learningcentre\/007.jpg\"\n\t\t\t\ttitle=\"\"\n\t\t\t\tdata-src=\"https:\/\/www.schaffhausen-sangkhlaburi.ch\/wp-content\/gallery\/learningcentre\/007.jpg\"\n\t\t\t\tdata-thumbnail=\"https:\/\/www.schaffhausen-sangkhlaburi.ch\/wp-content\/gallery\/learningcentre\/thumbs\/thumbs_007.jpg\"\n\t\t\t\tdata-image-id=\"7\"\n\t\t\t\tdata-title=\"Projekt Hilltribe Learning Center 1\"\n\t\t\t\tdata-description=\"\"\n\t\t\t\tdata-image-slug=\"007-jpg\"\n\t\t\t\tclass=\"ngg-fancybox\" rel=\"5a3021af8e80657105df97fc1fcfb7f1\">\n\t\t\t\t<img\n\t\t\t\t\ttitle=\"Projekt Hilltribe Learning Center 1\"\n\t\t\t\t\talt=\"Projekt Hilltribe Learning Center 1\"\n\t\t\t\t\tsrc=\"https:\/\/www.schaffhausen-sangkhlaburi.ch\/wp-content\/gallery\/learningcentre\/thumbs\/thumbs_007.jpg\"\n\t\t\t\t\twidth=\"150\"\n\t\t\t\t\theight=\"120\"\n\t\t\t\t\tstyle=\"max-width:100%;\"\n\t\t\t\t\/>\n\t\t\t<\/a>\n\t\t<\/div>\n\t\t\t\t\t\t\t<\/div> \n\t\t\t\n\t\t\t\t<div id=\"ngg-image-5\" class=\"ngg-gallery-thumbnail-box \n\t\t\t\t\t\t\t\t\t\t\t\" \n\t\t\t>\n\t\t\t\t\t\t<div class=\"ngg-gallery-thumbnail\">\n\t\t\t<a href=\"https:\/\/www.schaffhausen-sangkhlaburi.ch\/wp-content\/gallery\/learningcentre\/008.jpg\"\n\t\t\t\ttitle=\"\"\n\t\t\t\tdata-src=\"https:\/\/www.schaffhausen-sangkhlaburi.ch\/wp-content\/gallery\/learningcentre\/008.jpg\"\n\t\t\t\tdata-thumbnail=\"https:\/\/www.schaffhausen-sangkhlaburi.ch\/wp-content\/gallery\/learningcentre\/thumbs\/thumbs_008.jpg\"\n\t\t\t\tdata-image-id=\"8\"\n\t\t\t\tdata-title=\"Projekt Hilltribe Learning Center 1\"\n\t\t\t\tdata-description=\"\"\n\t\t\t\tdata-image-slug=\"008-jpg\"\n\t\t\t\tclass=\"ngg-fancybox\" rel=\"5a3021af8e80657105df97fc1fcfb7f1\">\n\t\t\t\t<img\n\t\t\t\t\ttitle=\"Projekt Hilltribe Learning Center 1\"\n\t\t\t\t\talt=\"Projekt Hilltribe Learning Center 1\"\n\t\t\t\t\tsrc=\"https:\/\/www.schaffhausen-sangkhlaburi.ch\/wp-content\/gallery\/learningcentre\/thumbs\/thumbs_008.jpg\"\n\t\t\t\t\twidth=\"150\"\n\t\t\t\t\theight=\"120\"\n\t\t\t\t\tstyle=\"max-width:100%;\"\n\t\t\t\t\/>\n\t\t\t<\/a>\n\t\t<\/div>\n\t\t\t\t\t\t\t<\/div> \n\t\t\t\n\t\t\t\t<div id=\"ngg-image-6\" class=\"ngg-gallery-thumbnail-box \n\t\t\t\t\t\t\t\t\t\t\t\" \n\t\t\t>\n\t\t\t\t\t\t<div class=\"ngg-gallery-thumbnail\">\n\t\t\t<a href=\"https:\/\/www.schaffhausen-sangkhlaburi.ch\/wp-content\/gallery\/learningcentre\/009.jpg\"\n\t\t\t\ttitle=\"\"\n\t\t\t\tdata-src=\"https:\/\/www.schaffhausen-sangkhlaburi.ch\/wp-content\/gallery\/learningcentre\/009.jpg\"\n\t\t\t\tdata-thumbnail=\"https:\/\/www.schaffhausen-sangkhlaburi.ch\/wp-content\/gallery\/learningcentre\/thumbs\/thumbs_009.jpg\"\n\t\t\t\tdata-image-id=\"9\"\n\t\t\t\tdata-title=\"Projekt Hilltribe Learning Center 1\"\n\t\t\t\tdata-description=\"\"\n\t\t\t\tdata-image-slug=\"009-jpg\"\n\t\t\t\tclass=\"ngg-fancybox\" rel=\"5a3021af8e80657105df97fc1fcfb7f1\">\n\t\t\t\t<img\n\t\t\t\t\ttitle=\"Projekt Hilltribe Learning Center 1\"\n\t\t\t\t\talt=\"Projekt Hilltribe Learning Center 1\"\n\t\t\t\t\tsrc=\"https:\/\/www.schaffhausen-sangkhlaburi.ch\/wp-content\/gallery\/learningcentre\/thumbs\/thumbs_009.jpg\"\n\t\t\t\t\twidth=\"150\"\n\t\t\t\t\theight=\"120\"\n\t\t\t\t\tstyle=\"max-width:100%;\"\n\t\t\t\t\/>\n\t\t\t<\/a>\n\t\t<\/div>\n\t\t\t\t\t\t\t<\/div> \n\t\t\t\n\t\t\t\t<div id=\"ngg-image-7\" class=\"ngg-gallery-thumbnail-box \n\t\t\t\t\t\t\t\t\t\t\t\" \n\t\t\t>\n\t\t\t\t\t\t<div class=\"ngg-gallery-thumbnail\">\n\t\t\t<a href=\"https:\/\/www.schaffhausen-sangkhlaburi.ch\/wp-content\/gallery\/learningcentre\/010.jpg\"\n\t\t\t\ttitle=\"\"\n\t\t\t\tdata-src=\"https:\/\/www.schaffhausen-sangkhlaburi.ch\/wp-content\/gallery\/learningcentre\/010.jpg\"\n\t\t\t\tdata-thumbnail=\"https:\/\/www.schaffhausen-sangkhlaburi.ch\/wp-content\/gallery\/learningcentre\/thumbs\/thumbs_010.jpg\"\n\t\t\t\tdata-image-id=\"10\"\n\t\t\t\tdata-title=\"Projekt Hilltribe Learning Center 1\"\n\t\t\t\tdata-description=\"\"\n\t\t\t\tdata-image-slug=\"010-jpg\"\n\t\t\t\tclass=\"ngg-fancybox\" rel=\"5a3021af8e80657105df97fc1fcfb7f1\">\n\t\t\t\t<img\n\t\t\t\t\ttitle=\"Projekt Hilltribe Learning Center 1\"\n\t\t\t\t\talt=\"Projekt Hilltribe Learning Center 1\"\n\t\t\t\t\tsrc=\"https:\/\/www.schaffhausen-sangkhlaburi.ch\/wp-content\/gallery\/learningcentre\/thumbs\/thumbs_010.jpg\"\n\t\t\t\t\twidth=\"150\"\n\t\t\t\t\theight=\"120\"\n\t\t\t\t\tstyle=\"max-width:100%;\"\n\t\t\t\t\/>\n\t\t\t<\/a>\n\t\t<\/div>\n\t\t\t\t\t\t\t<\/div> \n\t\t\t\n\t\t\t\t<div id=\"ngg-image-8\" class=\"ngg-gallery-thumbnail-box \n\t\t\t\t\t\t\t\t\t\t\t\" \n\t\t\t>\n\t\t\t\t\t\t<div class=\"ngg-gallery-thumbnail\">\n\t\t\t<a href=\"https:\/\/www.schaffhausen-sangkhlaburi.ch\/wp-content\/gallery\/learningcentre\/011.jpg\"\n\t\t\t\ttitle=\"\"\n\t\t\t\tdata-src=\"https:\/\/www.schaffhausen-sangkhlaburi.ch\/wp-content\/gallery\/learningcentre\/011.jpg\"\n\t\t\t\tdata-thumbnail=\"https:\/\/www.schaffhausen-sangkhlaburi.ch\/wp-content\/gallery\/learningcentre\/thumbs\/thumbs_011.jpg\"\n\t\t\t\tdata-image-id=\"11\"\n\t\t\t\tdata-title=\"Projekt Hilltribe Learning Center 1\"\n\t\t\t\tdata-description=\"\"\n\t\t\t\tdata-image-slug=\"011-jpg\"\n\t\t\t\tclass=\"ngg-fancybox\" rel=\"5a3021af8e80657105df97fc1fcfb7f1\">\n\t\t\t\t<img\n\t\t\t\t\ttitle=\"Projekt Hilltribe Learning Center 1\"\n\t\t\t\t\talt=\"Projekt Hilltribe Learning Center 1\"\n\t\t\t\t\tsrc=\"https:\/\/www.schaffhausen-sangkhlaburi.ch\/wp-content\/gallery\/learningcentre\/thumbs\/thumbs_011.jpg\"\n\t\t\t\t\twidth=\"150\"\n\t\t\t\t\theight=\"120\"\n\t\t\t\t\tstyle=\"max-width:100%;\"\n\t\t\t\t\/>\n\t\t\t<\/a>\n\t\t<\/div>\n\t\t\t\t\t\t\t<\/div> \n\t\t\t\n\t\t\t\t<div id=\"ngg-image-9\" class=\"ngg-gallery-thumbnail-box \n\t\t\t\t\t\t\t\t\t\t\t\" \n\t\t\t>\n\t\t\t\t\t\t<div class=\"ngg-gallery-thumbnail\">\n\t\t\t<a href=\"https:\/\/www.schaffhausen-sangkhlaburi.ch\/wp-content\/gallery\/learningcentre\/013.jpg\"\n\t\t\t\ttitle=\"\"\n\t\t\t\tdata-src=\"https:\/\/www.schaffhausen-sangkhlaburi.ch\/wp-content\/gallery\/learningcentre\/013.jpg\"\n\t\t\t\tdata-thumbnail=\"https:\/\/www.schaffhausen-sangkhlaburi.ch\/wp-content\/gallery\/learningcentre\/thumbs\/thumbs_013.jpg\"\n\t\t\t\tdata-image-id=\"13\"\n\t\t\t\tdata-title=\"Projekt Hilltribe Learning Center 1\"\n\t\t\t\tdata-description=\"\"\n\t\t\t\tdata-image-slug=\"013-jpg\"\n\t\t\t\tclass=\"ngg-fancybox\" rel=\"5a3021af8e80657105df97fc1fcfb7f1\">\n\t\t\t\t<img\n\t\t\t\t\ttitle=\"Projekt Hilltribe Learning Center 1\"\n\t\t\t\t\talt=\"Projekt Hilltribe Learning Center 1\"\n\t\t\t\t\tsrc=\"https:\/\/www.schaffhausen-sangkhlaburi.ch\/wp-content\/gallery\/learningcentre\/thumbs\/thumbs_013.jpg\"\n\t\t\t\t\twidth=\"150\"\n\t\t\t\t\theight=\"120\"\n\t\t\t\t\tstyle=\"max-width:100%;\"\n\t\t\t\t\/>\n\t\t\t<\/a>\n\t\t<\/div>\n\t\t\t\t\t\t\t<\/div> \n\t\t\t\n\t\t\t\t<div id=\"ngg-image-10\" class=\"ngg-gallery-thumbnail-box \n\t\t\t\t\t\t\t\t\t\t\t\" \n\t\t\t>\n\t\t\t\t\t\t<div class=\"ngg-gallery-thumbnail\">\n\t\t\t<a href=\"https:\/\/www.schaffhausen-sangkhlaburi.ch\/wp-content\/gallery\/learningcentre\/014.jpg\"\n\t\t\t\ttitle=\"\"\n\t\t\t\tdata-src=\"https:\/\/www.schaffhausen-sangkhlaburi.ch\/wp-content\/gallery\/learningcentre\/014.jpg\"\n\t\t\t\tdata-thumbnail=\"https:\/\/www.schaffhausen-sangkhlaburi.ch\/wp-content\/gallery\/learningcentre\/thumbs\/thumbs_014.jpg\"\n\t\t\t\tdata-image-id=\"14\"\n\t\t\t\tdata-title=\"Projekt Hilltribe Learning Center 1\"\n\t\t\t\tdata-description=\"\"\n\t\t\t\tdata-image-slug=\"014-jpg\"\n\t\t\t\tclass=\"ngg-fancybox\" rel=\"5a3021af8e80657105df97fc1fcfb7f1\">\n\t\t\t\t<img\n\t\t\t\t\ttitle=\"Projekt Hilltribe Learning Center 1\"\n\t\t\t\t\talt=\"Projekt Hilltribe Learning Center 1\"\n\t\t\t\t\tsrc=\"https:\/\/www.schaffhausen-sangkhlaburi.ch\/wp-content\/gallery\/learningcentre\/thumbs\/thumbs_014.jpg\"\n\t\t\t\t\twidth=\"150\"\n\t\t\t\t\theight=\"120\"\n\t\t\t\t\tstyle=\"max-width:100%;\"\n\t\t\t\t\/>\n\t\t\t<\/a>\n\t\t<\/div>\n\t\t\t\t\t\t\t<\/div> \n\t\t\t\n\t\t\t\t<div id=\"ngg-image-11\" class=\"ngg-gallery-thumbnail-box \n\t\t\t\t\t\t\t\t\t\t\t\" \n\t\t\t>\n\t\t\t\t\t\t<div class=\"ngg-gallery-thumbnail\">\n\t\t\t<a href=\"https:\/\/www.schaffhausen-sangkhlaburi.ch\/wp-content\/gallery\/learningcentre\/016.jpg\"\n\t\t\t\ttitle=\"\"\n\t\t\t\tdata-src=\"https:\/\/www.schaffhausen-sangkhlaburi.ch\/wp-content\/gallery\/learningcentre\/016.jpg\"\n\t\t\t\tdata-thumbnail=\"https:\/\/www.schaffhausen-sangkhlaburi.ch\/wp-content\/gallery\/learningcentre\/thumbs\/thumbs_016.jpg\"\n\t\t\t\tdata-image-id=\"16\"\n\t\t\t\tdata-title=\"Projekt Hilltribe Learning Center 1\"\n\t\t\t\tdata-description=\"\"\n\t\t\t\tdata-image-slug=\"016-jpg\"\n\t\t\t\tclass=\"ngg-fancybox\" rel=\"5a3021af8e80657105df97fc1fcfb7f1\">\n\t\t\t\t<img\n\t\t\t\t\ttitle=\"Projekt Hilltribe Learning Center 1\"\n\t\t\t\t\talt=\"Projekt Hilltribe Learning Center 1\"\n\t\t\t\t\tsrc=\"https:\/\/www.schaffhausen-sangkhlaburi.ch\/wp-content\/gallery\/learningcentre\/thumbs\/thumbs_016.jpg\"\n\t\t\t\t\twidth=\"150\"\n\t\t\t\t\theight=\"120\"\n\t\t\t\t\tstyle=\"max-width:100%;\"\n\t\t\t\t\/>\n\t\t\t<\/a>\n\t\t<\/div>\n\t\t\t\t\t\t\t<\/div> \n\t\t\t\n\t\t\t\t<div id=\"ngg-image-12\" class=\"ngg-gallery-thumbnail-box \n\t\t\t\t\t\t\t\t\t\t\t\" \n\t\t\t>\n\t\t\t\t\t\t<div class=\"ngg-gallery-thumbnail\">\n\t\t\t<a href=\"https:\/\/www.schaffhausen-sangkhlaburi.ch\/wp-content\/gallery\/learningcentre\/017.jpg\"\n\t\t\t\ttitle=\"\"\n\t\t\t\tdata-src=\"https:\/\/www.schaffhausen-sangkhlaburi.ch\/wp-content\/gallery\/learningcentre\/017.jpg\"\n\t\t\t\tdata-thumbnail=\"https:\/\/www.schaffhausen-sangkhlaburi.ch\/wp-content\/gallery\/learningcentre\/thumbs\/thumbs_017.jpg\"\n\t\t\t\tdata-image-id=\"17\"\n\t\t\t\tdata-title=\"Projekt Hilltribe Learning Center 1\"\n\t\t\t\tdata-description=\"\"\n\t\t\t\tdata-image-slug=\"017-jpg\"\n\t\t\t\tclass=\"ngg-fancybox\" rel=\"5a3021af8e80657105df97fc1fcfb7f1\">\n\t\t\t\t<img\n\t\t\t\t\ttitle=\"Projekt Hilltribe Learning Center 1\"\n\t\t\t\t\talt=\"Projekt Hilltribe Learning Center 1\"\n\t\t\t\t\tsrc=\"https:\/\/www.schaffhausen-sangkhlaburi.ch\/wp-content\/gallery\/learningcentre\/thumbs\/thumbs_017.jpg\"\n\t\t\t\t\twidth=\"150\"\n\t\t\t\t\theight=\"120\"\n\t\t\t\t\tstyle=\"max-width:100%;\"\n\t\t\t\t\/>\n\t\t\t<\/a>\n\t\t<\/div>\n\t\t\t\t\t\t\t<\/div> \n\t\t\t\n\t\t\t\t<div id=\"ngg-image-13\" class=\"ngg-gallery-thumbnail-box \n\t\t\t\t\t\t\t\t\t\t\t\" \n\t\t\t>\n\t\t\t\t\t\t<div class=\"ngg-gallery-thumbnail\">\n\t\t\t<a href=\"https:\/\/www.schaffhausen-sangkhlaburi.ch\/wp-content\/gallery\/learningcentre\/018.jpg\"\n\t\t\t\ttitle=\"\"\n\t\t\t\tdata-src=\"https:\/\/www.schaffhausen-sangkhlaburi.ch\/wp-content\/gallery\/learningcentre\/018.jpg\"\n\t\t\t\tdata-thumbnail=\"https:\/\/www.schaffhausen-sangkhlaburi.ch\/wp-content\/gallery\/learningcentre\/thumbs\/thumbs_018.jpg\"\n\t\t\t\tdata-image-id=\"18\"\n\t\t\t\tdata-title=\"Projekt Hilltribe Learning Center 1\"\n\t\t\t\tdata-description=\"\"\n\t\t\t\tdata-image-slug=\"018-jpg\"\n\t\t\t\tclass=\"ngg-fancybox\" rel=\"5a3021af8e80657105df97fc1fcfb7f1\">\n\t\t\t\t<img\n\t\t\t\t\ttitle=\"Projekt Hilltribe Learning Center 1\"\n\t\t\t\t\talt=\"Projekt Hilltribe Learning Center 1\"\n\t\t\t\t\tsrc=\"https:\/\/www.schaffhausen-sangkhlaburi.ch\/wp-content\/gallery\/learningcentre\/thumbs\/thumbs_018.jpg\"\n\t\t\t\t\twidth=\"150\"\n\t\t\t\t\theight=\"120\"\n\t\t\t\t\tstyle=\"max-width:100%;\"\n\t\t\t\t\/>\n\t\t\t<\/a>\n\t\t<\/div>\n\t\t\t\t\t\t\t<\/div> \n\t\t\t\n\t\t\t\t<div id=\"ngg-image-14\" class=\"ngg-gallery-thumbnail-box \n\t\t\t\t\t\t\t\t\t\t\t\" \n\t\t\t>\n\t\t\t\t\t\t<div class=\"ngg-gallery-thumbnail\">\n\t\t\t<a href=\"https:\/\/www.schaffhausen-sangkhlaburi.ch\/wp-content\/gallery\/learningcentre\/019.jpg\"\n\t\t\t\ttitle=\"\"\n\t\t\t\tdata-src=\"https:\/\/www.schaffhausen-sangkhlaburi.ch\/wp-content\/gallery\/learningcentre\/019.jpg\"\n\t\t\t\tdata-thumbnail=\"https:\/\/www.schaffhausen-sangkhlaburi.ch\/wp-content\/gallery\/learningcentre\/thumbs\/thumbs_019.jpg\"\n\t\t\t\tdata-image-id=\"19\"\n\t\t\t\tdata-title=\"Projekt Hilltribe Learning Center 1\"\n\t\t\t\tdata-description=\"\"\n\t\t\t\tdata-image-slug=\"019-jpg\"\n\t\t\t\tclass=\"ngg-fancybox\" rel=\"5a3021af8e80657105df97fc1fcfb7f1\">\n\t\t\t\t<img\n\t\t\t\t\ttitle=\"Projekt Hilltribe Learning Center 1\"\n\t\t\t\t\talt=\"Projekt Hilltribe Learning Center 1\"\n\t\t\t\t\tsrc=\"https:\/\/www.schaffhausen-sangkhlaburi.ch\/wp-content\/gallery\/learningcentre\/thumbs\/thumbs_019.jpg\"\n\t\t\t\t\twidth=\"150\"\n\t\t\t\t\theight=\"120\"\n\t\t\t\t\tstyle=\"max-width:100%;\"\n\t\t\t\t\/>\n\t\t\t<\/a>\n\t\t<\/div>\n\t\t\t\t\t\t\t<\/div> \n\t\t\t\n\t\t\t\t<div id=\"ngg-image-15\" class=\"ngg-gallery-thumbnail-box \n\t\t\t\t\t\t\t\t\t\t\t\" \n\t\t\t>\n\t\t\t\t\t\t<div class=\"ngg-gallery-thumbnail\">\n\t\t\t<a href=\"https:\/\/www.schaffhausen-sangkhlaburi.ch\/wp-content\/gallery\/learningcentre\/021.jpg\"\n\t\t\t\ttitle=\"\"\n\t\t\t\tdata-src=\"https:\/\/www.schaffhausen-sangkhlaburi.ch\/wp-content\/gallery\/learningcentre\/021.jpg\"\n\t\t\t\tdata-thumbnail=\"https:\/\/www.schaffhausen-sangkhlaburi.ch\/wp-content\/gallery\/learningcentre\/thumbs\/thumbs_021.jpg\"\n\t\t\t\tdata-image-id=\"21\"\n\t\t\t\tdata-title=\"Projekt Hilltribe Learning Center 1\"\n\t\t\t\tdata-description=\"\"\n\t\t\t\tdata-image-slug=\"021-jpg\"\n\t\t\t\tclass=\"ngg-fancybox\" rel=\"5a3021af8e80657105df97fc1fcfb7f1\">\n\t\t\t\t<img\n\t\t\t\t\ttitle=\"Projekt Hilltribe Learning Center 1\"\n\t\t\t\t\talt=\"Projekt Hilltribe Learning Center 1\"\n\t\t\t\t\tsrc=\"https:\/\/www.schaffhausen-sangkhlaburi.ch\/wp-content\/gallery\/learningcentre\/thumbs\/thumbs_021.jpg\"\n\t\t\t\t\twidth=\"150\"\n\t\t\t\t\theight=\"120\"\n\t\t\t\t\tstyle=\"max-width:100%;\"\n\t\t\t\t\/>\n\t\t\t<\/a>\n\t\t<\/div>\n\t\t\t\t\t\t\t<\/div> \n\t\t\t\n\t\t\t\t<div id=\"ngg-image-16\" class=\"ngg-gallery-thumbnail-box \n\t\t\t\t\t\t\t\t\t\t\t\" \n\t\t\t>\n\t\t\t\t\t\t<div class=\"ngg-gallery-thumbnail\">\n\t\t\t<a href=\"https:\/\/www.schaffhausen-sangkhlaburi.ch\/wp-content\/gallery\/learningcentre\/022.jpg\"\n\t\t\t\ttitle=\"\"\n\t\t\t\tdata-src=\"https:\/\/www.schaffhausen-sangkhlaburi.ch\/wp-content\/gallery\/learningcentre\/022.jpg\"\n\t\t\t\tdata-thumbnail=\"https:\/\/www.schaffhausen-sangkhlaburi.ch\/wp-content\/gallery\/learningcentre\/thumbs\/thumbs_022.jpg\"\n\t\t\t\tdata-image-id=\"22\"\n\t\t\t\tdata-title=\"Projekt Hilltribe Learning Center 1\"\n\t\t\t\tdata-description=\"\"\n\t\t\t\tdata-image-slug=\"022-jpg\"\n\t\t\t\tclass=\"ngg-fancybox\" rel=\"5a3021af8e80657105df97fc1fcfb7f1\">\n\t\t\t\t<img\n\t\t\t\t\ttitle=\"Projekt Hilltribe Learning Center 1\"\n\t\t\t\t\talt=\"Projekt Hilltribe Learning Center 1\"\n\t\t\t\t\tsrc=\"https:\/\/www.schaffhausen-sangkhlaburi.ch\/wp-content\/gallery\/learningcentre\/thumbs\/thumbs_022.jpg\"\n\t\t\t\t\twidth=\"150\"\n\t\t\t\t\theight=\"120\"\n\t\t\t\t\tstyle=\"max-width:100%;\"\n\t\t\t\t\/>\n\t\t\t<\/a>\n\t\t<\/div>\n\t\t\t\t\t\t\t<\/div> \n\t\t\t\n\t\t\t\t<div id=\"ngg-image-17\" class=\"ngg-gallery-thumbnail-box \n\t\t\t\t\t\t\t\t\t\t\t\" \n\t\t\t>\n\t\t\t\t\t\t<div class=\"ngg-gallery-thumbnail\">\n\t\t\t<a href=\"https:\/\/www.schaffhausen-sangkhlaburi.ch\/wp-content\/gallery\/learningcentre\/023.jpg\"\n\t\t\t\ttitle=\"\"\n\t\t\t\tdata-src=\"https:\/\/www.schaffhausen-sangkhlaburi.ch\/wp-content\/gallery\/learningcentre\/023.jpg\"\n\t\t\t\tdata-thumbnail=\"https:\/\/www.schaffhausen-sangkhlaburi.ch\/wp-content\/gallery\/learningcentre\/thumbs\/thumbs_023.jpg\"\n\t\t\t\tdata-image-id=\"23\"\n\t\t\t\tdata-title=\"Projekt Hilltribe Learning Center 1\"\n\t\t\t\tdata-description=\"\"\n\t\t\t\tdata-image-slug=\"023-jpg\"\n\t\t\t\tclass=\"ngg-fancybox\" rel=\"5a3021af8e80657105df97fc1fcfb7f1\">\n\t\t\t\t<img\n\t\t\t\t\ttitle=\"Projekt Hilltribe Learning Center 1\"\n\t\t\t\t\talt=\"Projekt Hilltribe Learning Center 1\"\n\t\t\t\t\tsrc=\"https:\/\/www.schaffhausen-sangkhlaburi.ch\/wp-content\/gallery\/learningcentre\/thumbs\/thumbs_023.jpg\"\n\t\t\t\t\twidth=\"150\"\n\t\t\t\t\theight=\"120\"\n\t\t\t\t\tstyle=\"max-width:100%;\"\n\t\t\t\t\/>\n\t\t\t<\/a>\n\t\t<\/div>\n\t\t\t\t\t\t\t<\/div> \n\t\t\t\n\t\t\t\t<div id=\"ngg-image-18\" class=\"ngg-gallery-thumbnail-box \n\t\t\t\t\t\t\t\t\t\t\t\" \n\t\t\t>\n\t\t\t\t\t\t<div class=\"ngg-gallery-thumbnail\">\n\t\t\t<a href=\"https:\/\/www.schaffhausen-sangkhlaburi.ch\/wp-content\/gallery\/learningcentre\/024.jpg\"\n\t\t\t\ttitle=\"\"\n\t\t\t\tdata-src=\"https:\/\/www.schaffhausen-sangkhlaburi.ch\/wp-content\/gallery\/learningcentre\/024.jpg\"\n\t\t\t\tdata-thumbnail=\"https:\/\/www.schaffhausen-sangkhlaburi.ch\/wp-content\/gallery\/learningcentre\/thumbs\/thumbs_024.jpg\"\n\t\t\t\tdata-image-id=\"24\"\n\t\t\t\tdata-title=\"024.jpg\"\n\t\t\t\tdata-description=\"\"\n\t\t\t\tdata-image-slug=\"024-jpg\"\n\t\t\t\tclass=\"ngg-fancybox\" rel=\"5a3021af8e80657105df97fc1fcfb7f1\">\n\t\t\t\t<img\n\t\t\t\t\ttitle=\"024.jpg\"\n\t\t\t\t\talt=\"024.jpg\"\n\t\t\t\t\tsrc=\"https:\/\/www.schaffhausen-sangkhlaburi.ch\/wp-content\/gallery\/learningcentre\/thumbs\/thumbs_024.jpg\"\n\t\t\t\t\twidth=\"150\"\n\t\t\t\t\theight=\"120\"\n\t\t\t\t\tstyle=\"max-width:100%;\"\n\t\t\t\t\/>\n\t\t\t<\/a>\n\t\t<\/div>\n\t\t\t\t\t\t\t<\/div> \n\t\t\t\n\t\t\t\t<div id=\"ngg-image-19\" class=\"ngg-gallery-thumbnail-box \n\t\t\t\t\t\t\t\t\t\t\t\" \n\t\t\t>\n\t\t\t\t\t\t<div class=\"ngg-gallery-thumbnail\">\n\t\t\t<a href=\"https:\/\/www.schaffhausen-sangkhlaburi.ch\/wp-content\/gallery\/learningcentre\/025.jpg\"\n\t\t\t\ttitle=\"\"\n\t\t\t\tdata-src=\"https:\/\/www.schaffhausen-sangkhlaburi.ch\/wp-content\/gallery\/learningcentre\/025.jpg\"\n\t\t\t\tdata-thumbnail=\"https:\/\/www.schaffhausen-sangkhlaburi.ch\/wp-content\/gallery\/learningcentre\/thumbs\/thumbs_025.jpg\"\n\t\t\t\tdata-image-id=\"25\"\n\t\t\t\tdata-title=\"Projekt Hilltribe Learning Center 1\"\n\t\t\t\tdata-description=\"\"\n\t\t\t\tdata-image-slug=\"025-jpg\"\n\t\t\t\tclass=\"ngg-fancybox\" rel=\"5a3021af8e80657105df97fc1fcfb7f1\">\n\t\t\t\t<img\n\t\t\t\t\ttitle=\"Projekt Hilltribe Learning Center 1\"\n\t\t\t\t\talt=\"Projekt Hilltribe Learning Center 1\"\n\t\t\t\t\tsrc=\"https:\/\/www.schaffhausen-sangkhlaburi.ch\/wp-content\/gallery\/learningcentre\/thumbs\/thumbs_025.jpg\"\n\t\t\t\t\twidth=\"150\"\n\t\t\t\t\theight=\"120\"\n\t\t\t\t\tstyle=\"max-width:100%;\"\n\t\t\t\t\/>\n\t\t\t<\/a>\n\t\t<\/div>\n\t\t\t\t\t\t\t<\/div> \n\t\t\t\n\t\n\t<br style=\"clear: both\" \/>\n\n\t\t<div class=\"slideshowlink\">\n\t\t<a href='https:\/\/www.schaffhausen-sangkhlaburi.ch\/en\/projekte\/projekt-hilltribe-learning-centre-2\/nggallery\/slideshow'>[Zeige eine Slideshow]<\/a>\n\t\t\n\t<\/div>\n\t\n\t\t<!-- Pagination -->\n\t\t<div class='ngg-clear'><\/div>\t<\/div>\n\n","protected":false},"excerpt":{"rendered":"<p>Abseits, etwa 10 km entfernt von Sangkhlaburi, inmitten von Busch und Regenwald, betreibt die Nonne Maechee Pimjai Maneerat seit fast 20 Jahren in ihrer kleinen Tempelanlage die Ausbildungsst\u00e4tte \u201eHilltribe Learning Centre\u201c f\u00fcr staatenlose Kinder im Alter von 5 bis ca. 14 Jahren. W\u00e4hrend der \u00fcber 60-j\u00e4hrigen Milit\u00e4rdiktatur im benachbarten Burma, auch Myanmar genannt, fl\u00fcchteten tausende [&hellip;]<\/p>\n","protected":false},"author":2,"featured_media":0,"parent":43,"menu_order":0,"comment_status":"closed","ping_status":"closed","template":"","meta":{"ngg_post_thumbnail":0,"footnotes":""},"class_list":["post-1329","page","type-page","status-publish","hentry"],"_links":{"self":[{"href":"https:\/\/www.schaffhausen-sangkhlaburi.ch\/en\/wp-json\/wp\/v2\/pages\/1329","targetHints":{"allow":["GET"]}}],"collection":[{"href":"https:\/\/www.schaffhausen-sangkhlaburi.ch\/en\/wp-json\/wp\/v2\/pages"}],"about":[{"href":"https:\/\/www.schaffhausen-sangkhlaburi.ch\/en\/wp-json\/wp\/v2\/types\/page"}],"author":[{"embeddable":true,"href":"https:\/\/www.schaffhausen-sangkhlaburi.ch\/en\/wp-json\/wp\/v2\/users\/2"}],"replies":[{"embeddable":true,"href":"https:\/\/www.schaffhausen-sangkhlaburi.ch\/en\/wp-json\/wp\/v2\/comments?post=1329"}],"version-history":[{"count":5,"href":"https:\/\/www.schaffhausen-sangkhlaburi.ch\/en\/wp-json\/wp\/v2\/pages\/1329\/revisions"}],"predecessor-version":[{"id":2693,"href":"https:\/\/www.schaffhausen-sangkhlaburi.ch\/en\/wp-json\/wp\/v2\/pages\/1329\/revisions\/2693"}],"up":[{"embeddable":true,"href":"https:\/\/www.schaffhausen-sangkhlaburi.ch\/en\/wp-json\/wp\/v2\/pages\/43"}],"wp:attachment":[{"href":"https:\/\/www.schaffhausen-sangkhlaburi.ch\/en\/wp-json\/wp\/v2\/media?parent=1329"}],"curies":[{"name":"wp","href":"https:\/\/api.w.org\/{rel}","templated":true}]}}