{"id":1837,"date":"2017-10-09T18:40:37","date_gmt":"2017-10-09T16:40:37","guid":{"rendered":"http:\/\/www.schaffhausen-sangkhlaburi.ch\/?page_id=1837"},"modified":"2021-01-15T17:20:59","modified_gmt":"2021-01-15T16:20:59","slug":"english","status":"publish","type":"page","link":"https:\/\/www.schaffhausen-sangkhlaburi.ch\/en\/english\/","title":{"rendered":"Foreign Language Translation"},"content":{"rendered":"<p><a href=\"https:\/\/www.schaffhausen-sangkhlaburi.ch\/wp-content\/uploads\/2021\/01\/LLL-Personal-Interests-World-Languages-banner-1.jpg\"><img loading=\"lazy\" decoding=\"async\" class=\"wp-image-2638 size-full\" src=\"https:\/\/www.schaffhausen-sangkhlaburi.ch\/wp-content\/uploads\/2021\/01\/LLL-Personal-Interests-World-Languages-banner-1.jpg\" alt=\"\" width=\"800\" height=\"250\" srcset=\"https:\/\/www.schaffhausen-sangkhlaburi.ch\/wp-content\/uploads\/2021\/01\/LLL-Personal-Interests-World-Languages-banner-1.jpg 800w, https:\/\/www.schaffhausen-sangkhlaburi.ch\/wp-content\/uploads\/2021\/01\/LLL-Personal-Interests-World-Languages-banner-1-300x94.jpg 300w, https:\/\/www.schaffhausen-sangkhlaburi.ch\/wp-content\/uploads\/2021\/01\/LLL-Personal-Interests-World-Languages-banner-1-768x240.jpg 768w, https:\/\/www.schaffhausen-sangkhlaburi.ch\/wp-content\/uploads\/2021\/01\/LLL-Personal-Interests-World-Languages-banner-1-16x5.jpg 16w, https:\/\/www.schaffhausen-sangkhlaburi.ch\/wp-content\/uploads\/2021\/01\/LLL-Personal-Interests-World-Languages-banner-1-282x88.jpg 282w\" sizes=\"auto, (max-width: 800px) 100vw, 800px\" \/><\/a><\/p>\n<h3><a href=\"https:\/\/www.schaffhausen-sangkhlaburi.ch\/wp-content\/uploads\/2021\/01\/Flag_of_the_United_States_and_United_Kingdom-1.png\"><img loading=\"lazy\" decoding=\"async\" class=\"alignnone wp-image-2646\" src=\"https:\/\/www.schaffhausen-sangkhlaburi.ch\/wp-content\/uploads\/2021\/01\/Flag_of_the_United_States_and_United_Kingdom-1.png\" alt=\"\" width=\"78\" height=\"41\" srcset=\"https:\/\/www.schaffhausen-sangkhlaburi.ch\/wp-content\/uploads\/2021\/01\/Flag_of_the_United_States_and_United_Kingdom-1.png 960w, https:\/\/www.schaffhausen-sangkhlaburi.ch\/wp-content\/uploads\/2021\/01\/Flag_of_the_United_States_and_United_Kingdom-1-300x158.png 300w, https:\/\/www.schaffhausen-sangkhlaburi.ch\/wp-content\/uploads\/2021\/01\/Flag_of_the_United_States_and_United_Kingdom-1-768x404.png 768w, https:\/\/www.schaffhausen-sangkhlaburi.ch\/wp-content\/uploads\/2021\/01\/Flag_of_the_United_States_and_United_Kingdom-1-16x8.png 16w, https:\/\/www.schaffhausen-sangkhlaburi.ch\/wp-content\/uploads\/2021\/01\/Flag_of_the_United_States_and_United_Kingdom-1-282x148.png 282w\" sizes=\"auto, (max-width: 78px) 100vw, 78px\" \/><\/a><\/h3>\n<h3>For English language visitors to our website, please push English Flag button in the&nbsp; menu.<\/h3>\n<p>&nbsp;<\/p>\n<h3><a href=\"https:\/\/www.schaffhausen-sangkhlaburi.ch\/wp-content\/uploads\/2021\/01\/7619935126308xl.jpg\"><img loading=\"lazy\" decoding=\"async\" class=\"alignnone wp-image-2643\" src=\"https:\/\/www.schaffhausen-sangkhlaburi.ch\/wp-content\/uploads\/2021\/01\/7619935126308xl.jpg\" alt=\"\" width=\"75\" height=\"56\" srcset=\"https:\/\/www.schaffhausen-sangkhlaburi.ch\/wp-content\/uploads\/2021\/01\/7619935126308xl.jpg 260w, https:\/\/www.schaffhausen-sangkhlaburi.ch\/wp-content\/uploads\/2021\/01\/7619935126308xl-16x12.jpg 16w, https:\/\/www.schaffhausen-sangkhlaburi.ch\/wp-content\/uploads\/2021\/01\/7619935126308xl-249x187.jpg 249w\" sizes=\"auto, (max-width: 75px) 100vw, 75px\" \/><\/a><\/h3>\n<h3>Pour les visiteurs de ce site en langue \u00e9trang\u00e8re, veuillez me contacter par e-mail pour obtenir des informations ou des traductions \u00e0 l&#8217;adresse:<\/h3>\n<p>&nbsp;<\/p>\n<h3><a href=\"https:\/\/www.schaffhausen-sangkhlaburi.ch\/wp-content\/uploads\/2021\/01\/21cl80eO3WL._AC_.jpg\"><img loading=\"lazy\" decoding=\"async\" class=\"alignnone wp-image-2642\" src=\"https:\/\/www.schaffhausen-sangkhlaburi.ch\/wp-content\/uploads\/2021\/01\/21cl80eO3WL._AC_.jpg\" alt=\"\" width=\"79\" height=\"53\" srcset=\"https:\/\/www.schaffhausen-sangkhlaburi.ch\/wp-content\/uploads\/2021\/01\/21cl80eO3WL._AC_.jpg 500w, https:\/\/www.schaffhausen-sangkhlaburi.ch\/wp-content\/uploads\/2021\/01\/21cl80eO3WL._AC_-300x200.jpg 300w, https:\/\/www.schaffhausen-sangkhlaburi.ch\/wp-content\/uploads\/2021\/01\/21cl80eO3WL._AC_-16x12.jpg 16w, https:\/\/www.schaffhausen-sangkhlaburi.ch\/wp-content\/uploads\/2021\/01\/21cl80eO3WL._AC_-280x187.jpg 280w\" sizes=\"auto, (max-width: 79px) 100vw, 79px\" \/><\/a><\/h3>\n<h3>Per i nostri visitatori di questo sito in lingua straniera, vi prego di contattarmi via e-mail per informazioni o traduzioni all&#8217;indirizzo:<\/h3>\n<p>&nbsp;<\/p>\n<h3><a href=\"https:\/\/www.schaffhausen-sangkhlaburi.ch\/wp-content\/uploads\/2021\/01\/51NyxRORrvL._AC_SX522_.jpg\"><img loading=\"lazy\" decoding=\"async\" class=\"alignnone wp-image-2644\" src=\"https:\/\/www.schaffhausen-sangkhlaburi.ch\/wp-content\/uploads\/2021\/01\/51NyxRORrvL._AC_SX522_.jpg\" alt=\"\" width=\"78\" height=\"52\" srcset=\"https:\/\/www.schaffhausen-sangkhlaburi.ch\/wp-content\/uploads\/2021\/01\/51NyxRORrvL._AC_SX522_.jpg 522w, https:\/\/www.schaffhausen-sangkhlaburi.ch\/wp-content\/uploads\/2021\/01\/51NyxRORrvL._AC_SX522_-300x200.jpg 300w, https:\/\/www.schaffhausen-sangkhlaburi.ch\/wp-content\/uploads\/2021\/01\/51NyxRORrvL._AC_SX522_-16x12.jpg 16w, https:\/\/www.schaffhausen-sangkhlaburi.ch\/wp-content\/uploads\/2021\/01\/51NyxRORrvL._AC_SX522_-282x187.jpg 282w\" sizes=\"auto, (max-width: 78px) 100vw, 78px\" \/><\/a><\/h3>\n<h3>Para nuestros visitantes de lengua extranjera de este sitio, por favor, p\u00f3ngase en contacto conmigo por correo electr\u00f3nico para informaci\u00f3n o traducciones en:<\/h3>\n<p>&nbsp;<\/p>\n<h3><a href=\"https:\/\/www.schaffhausen-sangkhlaburi.ch\/wp-content\/uploads\/2021\/01\/Flag-China.jpg\"><img loading=\"lazy\" decoding=\"async\" class=\"alignnone wp-image-2653\" src=\"https:\/\/www.schaffhausen-sangkhlaburi.ch\/wp-content\/uploads\/2021\/01\/Flag-China.jpg\" alt=\"\" width=\"76\" height=\"50\" srcset=\"https:\/\/www.schaffhausen-sangkhlaburi.ch\/wp-content\/uploads\/2021\/01\/Flag-China.jpg 800w, https:\/\/www.schaffhausen-sangkhlaburi.ch\/wp-content\/uploads\/2021\/01\/Flag-China-300x200.jpg 300w, https:\/\/www.schaffhausen-sangkhlaburi.ch\/wp-content\/uploads\/2021\/01\/Flag-China-768x513.jpg 768w, https:\/\/www.schaffhausen-sangkhlaburi.ch\/wp-content\/uploads\/2021\/01\/Flag-China-16x12.jpg 16w, https:\/\/www.schaffhausen-sangkhlaburi.ch\/wp-content\/uploads\/2021\/01\/Flag-China-280x187.jpg 280w\" sizes=\"auto, (max-width: 76px) 100vw, 76px\" \/><\/a><\/h3>\n<h3>\u5bf9\u4e8e\u672c\u7f51\u7ad9\u7684\u5916\u8bed\u8bbf\u95ee\u8005\uff0c\u8bf7\u901a\u8fc7\u7535\u5b50\u90ae\u4ef6\u4e0e\u6211\u8054\u7cfb\uff0c\u4ee5\u83b7\u53d6\u4fe1\u606f\u6216\u7ffb\u8bd1\uff1a<\/h3>\n<p>&nbsp;<\/p>\n<h2><a href=\"mailto:sangkhlaburi@bluewin.ch\"><span style=\"color: #ff0000;\">sangkhlaburi@bluewin.ch<\/span><\/a><\/h2>\n<p>&nbsp;<\/p>\n<p><a href=\"https:\/\/www.schaffhausen-sangkhlaburi.ch\/wp-content\/uploads\/2021\/01\/7619935126308xl.jpg\"><img loading=\"lazy\" decoding=\"async\" class=\"alignnone wp-image-2643\" src=\"https:\/\/www.schaffhausen-sangkhlaburi.ch\/wp-content\/uploads\/2021\/01\/7619935126308xl.jpg\" alt=\"\" width=\"77\" height=\"58\" srcset=\"https:\/\/www.schaffhausen-sangkhlaburi.ch\/wp-content\/uploads\/2021\/01\/7619935126308xl.jpg 260w, https:\/\/www.schaffhausen-sangkhlaburi.ch\/wp-content\/uploads\/2021\/01\/7619935126308xl-16x12.jpg 16w, https:\/\/www.schaffhausen-sangkhlaburi.ch\/wp-content\/uploads\/2021\/01\/7619935126308xl-249x187.jpg 249w\" sizes=\"auto, (max-width: 77px) 100vw, 77px\" \/><\/a><\/p>\n<h3>Ou essayez l&#8217;ultime et meilleur traducteur du web. Copiez et collez le texte allemand et laissez-le traduire dans votre langue.<\/h3>\n<p>&nbsp;<\/p>\n<h3><a href=\"https:\/\/www.schaffhausen-sangkhlaburi.ch\/wp-content\/uploads\/2021\/01\/21cl80eO3WL._AC_.jpg\"><img loading=\"lazy\" decoding=\"async\" class=\"alignnone wp-image-2642\" src=\"https:\/\/www.schaffhausen-sangkhlaburi.ch\/wp-content\/uploads\/2021\/01\/21cl80eO3WL._AC_.jpg\" alt=\"\" width=\"79\" height=\"53\" srcset=\"https:\/\/www.schaffhausen-sangkhlaburi.ch\/wp-content\/uploads\/2021\/01\/21cl80eO3WL._AC_.jpg 500w, https:\/\/www.schaffhausen-sangkhlaburi.ch\/wp-content\/uploads\/2021\/01\/21cl80eO3WL._AC_-300x200.jpg 300w, https:\/\/www.schaffhausen-sangkhlaburi.ch\/wp-content\/uploads\/2021\/01\/21cl80eO3WL._AC_-16x12.jpg 16w, https:\/\/www.schaffhausen-sangkhlaburi.ch\/wp-content\/uploads\/2021\/01\/21cl80eO3WL._AC_-280x187.jpg 280w\" sizes=\"auto, (max-width: 79px) 100vw, 79px\" \/><\/a><\/h3>\n<h3>Oppure provate il miglior traduttore del web. Copia e incolla il testo in tedesco e lascialo tradurre nella tua lingua.<\/h3>\n<p>&nbsp;<\/p>\n<h3><a href=\"https:\/\/www.schaffhausen-sangkhlaburi.ch\/wp-content\/uploads\/2021\/01\/51NyxRORrvL._AC_SX522_.jpg\"><img loading=\"lazy\" decoding=\"async\" class=\"alignnone wp-image-2644\" src=\"https:\/\/www.schaffhausen-sangkhlaburi.ch\/wp-content\/uploads\/2021\/01\/51NyxRORrvL._AC_SX522_.jpg\" alt=\"\" width=\"78\" height=\"52\" srcset=\"https:\/\/www.schaffhausen-sangkhlaburi.ch\/wp-content\/uploads\/2021\/01\/51NyxRORrvL._AC_SX522_.jpg 522w, https:\/\/www.schaffhausen-sangkhlaburi.ch\/wp-content\/uploads\/2021\/01\/51NyxRORrvL._AC_SX522_-300x200.jpg 300w, https:\/\/www.schaffhausen-sangkhlaburi.ch\/wp-content\/uploads\/2021\/01\/51NyxRORrvL._AC_SX522_-16x12.jpg 16w, https:\/\/www.schaffhausen-sangkhlaburi.ch\/wp-content\/uploads\/2021\/01\/51NyxRORrvL._AC_SX522_-282x187.jpg 282w\" sizes=\"auto, (max-width: 78px) 100vw, 78px\" \/><\/a><\/h3>\n<h3>O prueba el mejor y definitivo traductor de la web. Copia y pega el texto en alem\u00e1n y deja que se traduzca a tu idioma.<\/h3>\n<p>&nbsp;<\/p>\n<h3><a href=\"https:\/\/www.schaffhausen-sangkhlaburi.ch\/wp-content\/uploads\/2021\/01\/Flag-China.jpg\"><img loading=\"lazy\" decoding=\"async\" class=\"alignnone wp-image-2653\" src=\"https:\/\/www.schaffhausen-sangkhlaburi.ch\/wp-content\/uploads\/2021\/01\/Flag-China.jpg\" alt=\"\" width=\"76\" height=\"50\" srcset=\"https:\/\/www.schaffhausen-sangkhlaburi.ch\/wp-content\/uploads\/2021\/01\/Flag-China.jpg 800w, https:\/\/www.schaffhausen-sangkhlaburi.ch\/wp-content\/uploads\/2021\/01\/Flag-China-300x200.jpg 300w, https:\/\/www.schaffhausen-sangkhlaburi.ch\/wp-content\/uploads\/2021\/01\/Flag-China-768x513.jpg 768w, https:\/\/www.schaffhausen-sangkhlaburi.ch\/wp-content\/uploads\/2021\/01\/Flag-China-16x12.jpg 16w, https:\/\/www.schaffhausen-sangkhlaburi.ch\/wp-content\/uploads\/2021\/01\/Flag-China-280x187.jpg 280w\" sizes=\"auto, (max-width: 76px) 100vw, 76px\" \/><\/a><\/h3>\n<h3>\u6216\u8005\u8bd5\u8bd5\u4e92\u8054\u7f51\u4e0a\u6700\u597d\u7684\u7ec8\u6781\u7ffb\u8bd1\u5668\u3002\u590d\u5236\u5e76\u7c98\u8d34\u5fb7\u8bed\u6587\u672c\uff0c\u8ba9\u5b83\u7ffb\u8bd1\u6210\u60a8\u7684\u8bed\u8a00\u3002<\/h3>\n<p>&nbsp;<\/p>\n<p><a href=\"https:\/\/www.schaffhausen-sangkhlaburi.ch\/wp-content\/uploads\/2017\/10\/DeepL.jpg\"><img loading=\"lazy\" decoding=\"async\" class=\"alignnone wp-image-1848\" src=\"https:\/\/www.schaffhausen-sangkhlaburi.ch\/wp-content\/uploads\/2017\/10\/DeepL.jpg\" alt=\"\" width=\"170\" height=\"79\" srcset=\"https:\/\/www.schaffhausen-sangkhlaburi.ch\/wp-content\/uploads\/2017\/10\/DeepL.jpg 410w, https:\/\/www.schaffhausen-sangkhlaburi.ch\/wp-content\/uploads\/2017\/10\/DeepL-300x140.jpg 300w, https:\/\/www.schaffhausen-sangkhlaburi.ch\/wp-content\/uploads\/2017\/10\/DeepL-282x131.jpg 282w\" sizes=\"auto, (max-width: 170px) 100vw, 170px\" \/><\/a><\/p>\n<h2><a href=\"https:\/\/www.deepl.com\/translator\" target=\"_blank\" rel=\"noopener noreferrer\"><span style=\"color: #ff0000;\"><strong>CLICK HERE<\/strong><\/span><\/a><\/h2>\n<p><a href=\"https:\/\/www.schaffhausen-sangkhlaburi.ch\/wp-content\/uploads\/2021\/01\/Windows-7-8-10-Maus-automatisch-perfekt-positionieren-Stress-abwenden-keine-658x370-0eb4c604c785235e-1.jpg\">&nbsp;&nbsp;&nbsp; &nbsp; &nbsp; &nbsp; &nbsp; <img loading=\"lazy\" decoding=\"async\" class=\"alignnone wp-image-2656\" src=\"https:\/\/www.schaffhausen-sangkhlaburi.ch\/wp-content\/uploads\/2021\/01\/Windows-7-8-10-Maus-automatisch-perfekt-positionieren-Stress-abwenden-keine-658x370-0eb4c604c785235e-1.jpg\" alt=\"\" width=\"118\" height=\"123\" srcset=\"https:\/\/www.schaffhausen-sangkhlaburi.ch\/wp-content\/uploads\/2021\/01\/Windows-7-8-10-Maus-automatisch-perfekt-positionieren-Stress-abwenden-keine-658x370-0eb4c604c785235e-1.jpg 335w, https:\/\/www.schaffhausen-sangkhlaburi.ch\/wp-content\/uploads\/2021\/01\/Windows-7-8-10-Maus-automatisch-perfekt-positionieren-Stress-abwenden-keine-658x370-0eb4c604c785235e-1-288x300.jpg 288w, https:\/\/www.schaffhausen-sangkhlaburi.ch\/wp-content\/uploads\/2021\/01\/Windows-7-8-10-Maus-automatisch-perfekt-positionieren-Stress-abwenden-keine-658x370-0eb4c604c785235e-1-12x12.jpg 12w, https:\/\/www.schaffhausen-sangkhlaburi.ch\/wp-content\/uploads\/2021\/01\/Windows-7-8-10-Maus-automatisch-perfekt-positionieren-Stress-abwenden-keine-658x370-0eb4c604c785235e-1-179x187.jpg 179w\" sizes=\"auto, (max-width: 118px) 100vw, 118px\" \/><\/a><\/p>\n<p><a href=\"https:\/\/www.schaffhausen-sangkhlaburi.ch\/wp-content\/uploads\/2020\/04\/DEEP-L.jpg\"><img loading=\"lazy\" decoding=\"async\" class=\"alignnone wp-image-2351\" src=\"https:\/\/www.schaffhausen-sangkhlaburi.ch\/wp-content\/uploads\/2020\/04\/DEEP-L.jpg\" alt=\"\" width=\"196\" height=\"428\" srcset=\"https:\/\/www.schaffhausen-sangkhlaburi.ch\/wp-content\/uploads\/2020\/04\/DEEP-L.jpg 332w, https:\/\/www.schaffhausen-sangkhlaburi.ch\/wp-content\/uploads\/2020\/04\/DEEP-L-138x300.jpg 138w, https:\/\/www.schaffhausen-sangkhlaburi.ch\/wp-content\/uploads\/2020\/04\/DEEP-L-86x187.jpg 86w\" sizes=\"auto, (max-width: 196px) 100vw, 196px\" \/><\/a><\/p>","protected":false},"excerpt":{"rendered":"<p>For English language visitors to our website, please push English Flag button in the&nbsp; menu. &nbsp; Pour les visiteurs de ce site en langue \u00e9trang\u00e8re, veuillez me contacter par e-mail pour obtenir des informations ou des traductions \u00e0 l&#8217;adresse: &nbsp; Per i nostri visitatori di questo sito in lingua straniera, vi prego di contattarmi via [&hellip;]<\/p>\n","protected":false},"author":2,"featured_media":0,"parent":0,"menu_order":0,"comment_status":"closed","ping_status":"closed","template":"","meta":{"ngg_post_thumbnail":0,"footnotes":""},"class_list":["post-1837","page","type-page","status-publish","hentry"],"_links":{"self":[{"href":"https:\/\/www.schaffhausen-sangkhlaburi.ch\/en\/wp-json\/wp\/v2\/pages\/1837","targetHints":{"allow":["GET"]}}],"collection":[{"href":"https:\/\/www.schaffhausen-sangkhlaburi.ch\/en\/wp-json\/wp\/v2\/pages"}],"about":[{"href":"https:\/\/www.schaffhausen-sangkhlaburi.ch\/en\/wp-json\/wp\/v2\/types\/page"}],"author":[{"embeddable":true,"href":"https:\/\/www.schaffhausen-sangkhlaburi.ch\/en\/wp-json\/wp\/v2\/users\/2"}],"replies":[{"embeddable":true,"href":"https:\/\/www.schaffhausen-sangkhlaburi.ch\/en\/wp-json\/wp\/v2\/comments?post=1837"}],"version-history":[{"count":54,"href":"https:\/\/www.schaffhausen-sangkhlaburi.ch\/en\/wp-json\/wp\/v2\/pages\/1837\/revisions"}],"predecessor-version":[{"id":2666,"href":"https:\/\/www.schaffhausen-sangkhlaburi.ch\/en\/wp-json\/wp\/v2\/pages\/1837\/revisions\/2666"}],"wp:attachment":[{"href":"https:\/\/www.schaffhausen-sangkhlaburi.ch\/en\/wp-json\/wp\/v2\/media?parent=1837"}],"curies":[{"name":"wp","href":"https:\/\/api.w.org\/{rel}","templated":true}]}}