{"id":2335,"date":"2020-04-07T05:58:53","date_gmt":"2020-04-07T03:58:53","guid":{"rendered":"http:\/\/www.schaffhausen-sangkhlaburi.ch\/?page_id=2335"},"modified":"2022-07-01T08:57:07","modified_gmt":"2022-07-01T06:57:07","slug":"organisation","status":"publish","type":"page","link":"https:\/\/www.schaffhausen-sangkhlaburi.ch\/en\/organisation\/","title":{"rendered":"Organization"},"content":{"rendered":"<h2>Board members of the organization<\/h2>\n<p>&nbsp;<\/p>\n<h4>Urs Schmid, Sangkhlaburi, Chairman and accountant<\/h4>\n<h4>Christoph Roost, Schaffhausen, Actuary<\/h4>\n<h4>Beat Boos, Schaffhausen, Accounting auditor<\/h4>\n<h4>Markus Zeller, Schaffhausen<\/h4>\n<h4>Werner Vollmer, Schaffhausen<\/h4>\n<h4>Hans-Ulrich M\u00fchlemann, Feuerthalen<\/h4>\n<p>&nbsp;<\/p>\n<h4>The supreme body of our Charity is the General Assembly.<\/h4>\n<h4>Our fiscal year begins on August 1 (date of incorporation) and ends on the following July 31. Accordingly, we hold our ordinary annual general assembly in August.<\/h4>\n<h4>Our bookkeeping is controlled and revised by our accountant Beat Boos.<\/h4>\n<h4>Members, donors and interested parties of the charity receive annual reports on our activities, and can also find the latest news on our website.<\/h4>\n<h4>Since 2019, our association is tax-exempt. Donations can be deducted from taxes in Switzerland according to cantonal guidelines on minimum donation allowances.<\/h4>\n<h4>Our website was realized and designed by Emil Schneider, who also provides us with his generous support. <a href=\"https:\/\/www.e-mil.ch\/\" target=\"_blank\" rel=\"noopener noreferrer\">https:\/\/www.e-mil.ch\/<\/a><\/h4>","protected":false},"excerpt":{"rendered":"<p>Vorstandsmitglieder des Vereins &nbsp; Urs Schmid, Sangkhlaburi, Pr\u00e4sident und Buchhalter Christoph Roost, Schaffhausen, Aktuar Beat Boos, Schaffhausen, Revisor Buchhaltung Markus Zeller, Schaffhausen Werner Vollmer, Schaffhausen Hans-Ulrich M\u00fchlemann, Feuerthalen &nbsp; Das oberste Organ unseres Vereins ist die Mitgliederversammlung. Unser Gesch\u00e4ftsjahr beginnt am 1. August (Datum der Gr\u00fcndung) und endet am darauffolgenden 31. Juli. Dementsprechend halten wir [&hellip;]<\/p>\n","protected":false},"author":2,"featured_media":0,"parent":0,"menu_order":0,"comment_status":"closed","ping_status":"closed","template":"","meta":{"ngg_post_thumbnail":0,"footnotes":""},"class_list":["post-2335","page","type-page","status-publish","hentry"],"_links":{"self":[{"href":"https:\/\/www.schaffhausen-sangkhlaburi.ch\/en\/wp-json\/wp\/v2\/pages\/2335","targetHints":{"allow":["GET"]}}],"collection":[{"href":"https:\/\/www.schaffhausen-sangkhlaburi.ch\/en\/wp-json\/wp\/v2\/pages"}],"about":[{"href":"https:\/\/www.schaffhausen-sangkhlaburi.ch\/en\/wp-json\/wp\/v2\/types\/page"}],"author":[{"embeddable":true,"href":"https:\/\/www.schaffhausen-sangkhlaburi.ch\/en\/wp-json\/wp\/v2\/users\/2"}],"replies":[{"embeddable":true,"href":"https:\/\/www.schaffhausen-sangkhlaburi.ch\/en\/wp-json\/wp\/v2\/comments?post=2335"}],"version-history":[{"count":10,"href":"https:\/\/www.schaffhausen-sangkhlaburi.ch\/en\/wp-json\/wp\/v2\/pages\/2335\/revisions"}],"predecessor-version":[{"id":2842,"href":"https:\/\/www.schaffhausen-sangkhlaburi.ch\/en\/wp-json\/wp\/v2\/pages\/2335\/revisions\/2842"}],"wp:attachment":[{"href":"https:\/\/www.schaffhausen-sangkhlaburi.ch\/en\/wp-json\/wp\/v2\/media?parent=2335"}],"curies":[{"name":"wp","href":"https:\/\/api.w.org\/{rel}","templated":true}]}}