{"id":412,"date":"2015-03-20T17:47:13","date_gmt":"2015-03-20T16:47:13","guid":{"rendered":"http:\/\/www.schaffhausen-sangkhlaburi.ch\/?page_id=412"},"modified":"2015-03-28T14:07:05","modified_gmt":"2015-03-28T13:07:05","slug":"newsletter-2","status":"publish","type":"page","link":"https:\/\/www.schaffhausen-sangkhlaburi.ch\/en\/newsletter-2\/","title":{"rendered":"Newsletter"},"content":{"rendered":"<div class=\"tnp tnp-subscription\">\n<form method=\"post\" action=\"https:\/\/www.schaffhausen-sangkhlaburi.ch\/wp-admin\/admin-ajax.php?action=tnp&amp;na=s\">\n<input type=\"hidden\" name=\"nlang\" value=\"\">\n<div class=\"tnp-field tnp-field-email\"><label for=\"tnp-1\">Email<\/label>\n<input class=\"tnp-email\" type=\"email\" name=\"ne\" id=\"tnp-1\" value=\"\" placeholder=\"\" required><\/div>\n<div class=\"tnp-field tnp-field-button\" style=\"text-align: left\"><input class=\"tnp-submit\" type=\"submit\" value=\"Abonnieren\" style=\"\">\n<\/div>\n<\/form>\n<\/div>\n\n<h5 style=\"text-align: justify;\"><span style=\"color: #000000;\">Sangkhlaburi,\u00a0 M\u00e4rz 2015<\/span><\/h5>\n<p style=\"text-align: justify;\"><span style=\"color: #000000;\">Emil (<a href=\"http:\/\/www.e-mil.ch\" target=\"_blank\">e-mil webdesign<\/a>) hat unsere Webseite neu gestaltet. Herzlichen Dank Emil. Sieht toll aus!<\/span><\/p>\n<p style=\"text-align: justify;\"><span style=\"color: #000000;\">Ich habe einige Updates gemacht, so ist eine neue Galerie <\/span><a href=\"https:\/\/www.schaffhausen-sangkhlaburi.ch\/en\/galerien\/sangkhlaburi-2015\/\">&#8222;Sangkhlaburi 2015&#8220;<\/a><span style=\"color: #000000;\"> zu finden mit den neuesten Bildern aus Sangkhlaburi, die wechselnden Bilder im Home sind neu und die Sponsorenliste ist aktualisiert.<br \/>\n<\/span><\/p>\n<p style=\"text-align: justify;\"><span style=\"color: #000000;\">Neu im Menu &#8222;Projekte&#8220; ist der Beschrieb mit Bildern der von uns seit einem Jahr unterst\u00fctzten &#8222;One Sky Foundation&#8220; in Sangkhlaburi.<br \/>\n<\/span><\/p>\n<p style=\"text-align: justify;\"><span style=\"color: #000000;\">Herzlichen Dank an alle, die unseren Verein bei der Hilfe f\u00fcr Projekte in und um Sangkhlaburi unterst\u00fctzt haben. Wir k\u00f6nnen hier zwar keine Berge versetzen, aber wir achten darauf, dass auch der ber\u00fchmte Tropfen auf den heissen Stein hier nachhaltig investiert wird und doch auch etwas Positives bewirken kann.<br \/>\n<\/span><\/p>\n<h6 style=\"text-align: justify;\"><span style=\"color: #ff0000;\">Eure Kommentare und Meinungen zur neuen Webseite, Fragen zu den verschiedenen Projekten oder generell \u00fcber Sangkhlaburi, wie Klima, Anreise, Unterk\u00fcnfte, Sehensw\u00fcrdigkeiten, etc., sind nat\u00fcrlich sehr erw\u00fcnscht und k\u00f6nnen an <a href=\"mailto:sangkhlaburi@bluewin.ch\">sangkhlaburi@bluewin.ch<\/a> <\/span><span style=\"color: #ff0000;\"> gesendet werden. Ich werde innert n\u00fctzlicher Frist gerne darauf antworten.<\/span><\/h6>\n<p style=\"text-align: justify;\"><span style=\"color: #000000;\">Urs Schmid<\/span><\/p>\n<p>&nbsp;<\/p>\n<hr \/>\n<h5 style=\"text-align: justify;\"><\/h5>\n<h5 style=\"text-align: justify;\"><span style=\"color: #000000;\">Neuigkeiten aus Sangkhlaburi:<\/span><\/h5>\n<p style=\"text-align: justify;\"><span style=\"color: #000000;\">Die Mon Wooden Bridge, mit \u00fcber 400m die l\u00e4ngste Holzbr\u00fccke Thailands, die Sangkhlaburi \u00fcber den Khao Lem Stausee mit dem Mon Village Ban-Wangka verbindet ist wieder repariert, nachdem rund 70m davon im July 2013 durch eine Flutwelle w\u00e4hrend tagelangen heftigen Regenf\u00e4llen zusammenbrachen. <\/span><\/p>\n<p style=\"text-align: justify;\"><a href=\"http:\/\/www.thailandee.com\/blog\/en\/index.php\/477-sangkhlaburi-mon-bridge-collapsed\" target=\"_blank\">http:\/\/www.thailandee.com\/blog\/en\/index.php\/477-sangkhlaburi-mon-bridge-collapsed<\/a><\/p>\n<p><a href=\"http:\/\/www.richardbarrow.com\/2013\/07\/mon-bridge-in-sangkhlaburi-collapsed-tonight\/\" target=\"_blank\">http:\/\/www.richardbarrow.com\/2013\/07\/mon-bridge-in-sangkhlaburi-collapsed-tonight\/<\/a><\/p>\n<p style=\"text-align: justify;\"><span style=\"color: #000000;\">Mons und Thais haben damals in einer beispiellosen Zusammenarbeit in nur einer Woche als Notverbindung die Bambus Pontonbr\u00fccke erstellt. W\u00e4hrend der Trockenzeit wurde nun also die &#8222;Wooden Bridge&#8220; wieder hergerichtet. Die Bambus Notl\u00f6sung wird aber vorerst bestehen bleiben, sie ist bei den lokalen Einwohnern aber auch bei Touristen so beliebt geworden.<\/span><\/p>\n<p style=\"text-align: justify;\"><span style=\"color: #000000;\">Bilder der zusammengebrochenen Br\u00fccke vom Februar 2014. Wie sie nach der Reparatur aussieht, seht ihr in der Galerie <a href=\"https:\/\/www.schaffhausen-sangkhlaburi.ch\/en\/galerien\/sangkhlaburi-2015\/\">&#8222;Sangkhlaburi 2015&#8220;<\/a><\/span><\/p>\n<p><a href=\"https:\/\/www.schaffhausen-sangkhlaburi.ch\/wp-content\/uploads\/2015\/03\/DSC04708-e1426948168436.jpg\"><img loading=\"lazy\" decoding=\"async\" class=\"alignnone size-medium wp-image-764\" src=\"https:\/\/www.schaffhausen-sangkhlaburi.ch\/wp-content\/uploads\/2015\/03\/DSC04708-300x225.jpg\" alt=\"DSC04708\" width=\"300\" height=\"225\" \/><\/a><a href=\"https:\/\/www.schaffhausen-sangkhlaburi.ch\/wp-content\/uploads\/2015\/03\/DSC06396-e1426948139699.jpg\"><img loading=\"lazy\" decoding=\"async\" class=\"alignnone size-medium wp-image-766\" src=\"https:\/\/www.schaffhausen-sangkhlaburi.ch\/wp-content\/uploads\/2015\/03\/DSC06396-300x225.jpg\" alt=\"DSC06396\" width=\"300\" height=\"225\" \/><\/a><a href=\"https:\/\/www.schaffhausen-sangkhlaburi.ch\/wp-content\/uploads\/2015\/03\/DSC06417-e1426948079637.jpg\"><img loading=\"lazy\" decoding=\"async\" class=\"alignnone size-medium wp-image-769\" src=\"https:\/\/www.schaffhausen-sangkhlaburi.ch\/wp-content\/uploads\/2015\/03\/DSC06417-300x225.jpg\" alt=\"DSC06417\" width=\"300\" height=\"225\" \/><\/a><a href=\"https:\/\/www.schaffhausen-sangkhlaburi.ch\/wp-content\/uploads\/2015\/03\/DSC06388-e1426948218822.jpg\"><img loading=\"lazy\" decoding=\"async\" class=\"alignnone size-medium wp-image-767\" src=\"https:\/\/www.schaffhausen-sangkhlaburi.ch\/wp-content\/uploads\/2015\/03\/DSC06388-300x225.jpg\" alt=\"DSC06388\" width=\"300\" height=\"225\" \/><\/a><\/p>","protected":false},"excerpt":{"rendered":"<p>Sangkhlaburi,\u00a0 M\u00e4rz 2015 Emil (e-mil webdesign) hat unsere Webseite neu gestaltet. Herzlichen Dank Emil. Sieht toll aus! Ich habe einige Updates gemacht, so ist eine neue Galerie &#8222;Sangkhlaburi 2015&#8220; zu finden mit den neuesten Bildern aus Sangkhlaburi, die wechselnden Bilder im Home sind neu und die Sponsorenliste ist aktualisiert. Neu im Menu &#8222;Projekte&#8220; ist der [&hellip;]<\/p>\n","protected":false},"author":1,"featured_media":0,"parent":0,"menu_order":0,"comment_status":"closed","ping_status":"closed","template":"","meta":{"ngg_post_thumbnail":0,"footnotes":""},"class_list":["post-412","page","type-page","status-publish","hentry"],"_links":{"self":[{"href":"https:\/\/www.schaffhausen-sangkhlaburi.ch\/en\/wp-json\/wp\/v2\/pages\/412","targetHints":{"allow":["GET"]}}],"collection":[{"href":"https:\/\/www.schaffhausen-sangkhlaburi.ch\/en\/wp-json\/wp\/v2\/pages"}],"about":[{"href":"https:\/\/www.schaffhausen-sangkhlaburi.ch\/en\/wp-json\/wp\/v2\/types\/page"}],"author":[{"embeddable":true,"href":"https:\/\/www.schaffhausen-sangkhlaburi.ch\/en\/wp-json\/wp\/v2\/users\/1"}],"replies":[{"embeddable":true,"href":"https:\/\/www.schaffhausen-sangkhlaburi.ch\/en\/wp-json\/wp\/v2\/comments?post=412"}],"version-history":[{"count":42,"href":"https:\/\/www.schaffhausen-sangkhlaburi.ch\/en\/wp-json\/wp\/v2\/pages\/412\/revisions"}],"predecessor-version":[{"id":1229,"href":"https:\/\/www.schaffhausen-sangkhlaburi.ch\/en\/wp-json\/wp\/v2\/pages\/412\/revisions\/1229"}],"wp:attachment":[{"href":"https:\/\/www.schaffhausen-sangkhlaburi.ch\/en\/wp-json\/wp\/v2\/media?parent=412"}],"curies":[{"name":"wp","href":"https:\/\/api.w.org\/{rel}","templated":true}]}}